{"id":1184,"date":"2016-09-05T19:26:14","date_gmt":"2016-09-05T19:26:14","guid":{"rendered":"http:\/\/demos.famethemes.com\/screenr\/?page_id=8"},"modified":"2022-12-13T07:47:18","modified_gmt":"2022-12-13T10:47:18","slug":"about","status":"publish","type":"page","link":"https:\/\/cedeu.ar\/cedeu.ar\/about\/","title":{"rendered":"Ce.DEU"},"content":{"rendered":"<div class=\"x11i5rnm xat24cr x1mh8g0r x1vvkbs xdj266r\">\n<div dir=\"auto\">Ce.DEU nuclea a los descendientes de espa\u00f1oles que se encuentran radicados en todos los pa\u00edses.<\/div>\n<\/div>\n<div class=\"x11i5rnm xat24cr x1mh8g0r x1vvkbs xtlvy1s\">\n<div dir=\"auto\">Nuestro Objetivo es mantenerlos informados y&nbsp;colaborar en la soluci\u00f3n de todo aquel inconveniente que se les presente.<\/div>\n<\/div>\n<div class=\"x11i5rnm xat24cr x1mh8g0r x1vvkbs xtlvy1s\">\n<div dir=\"auto\">Actualmente nos encontramos abocados a la tarea se solicitar una revisi\u00f3n de la Instrucci\u00f3n de la Ley de la Memoria Hist\u00f3rica, por la cual muchos hijos, nietos y bisnietos han quedado excluidos.<\/div>\n<div dir=\"auto\">&nbsp;<\/div>\n<div dir=\"auto\">Tambi\u00e9n incluimos a aquellos a los que por falta de una adecuada difusi\u00f3n, no estaban enterados de dicha Ley y su per\u00edodo de vigencia.<\/div>\n<\/div>\n","protected":false},"excerpt":{"rendered":"<p>Ce.DEU nuclea a los descendientes de espa\u00f1oles que se encuentran radicados en todos los pa\u00edses. Nuestro Objetivo es mantenerlos informados y&nbsp;colaborar en la soluci\u00f3n de todo aquel inconveniente que se les presente. Actualmente nos encontramos abocados a la tarea se solicitar una revisi\u00f3n de la Instrucci\u00f3n de la Ley de&#8230;<\/p>\n","protected":false},"author":2,"featured_media":0,"parent":0,"menu_order":0,"comment_status":"closed","ping_status":"closed","template":"","meta":{"ngg_post_thumbnail":0,"footnotes":""},"class_list":["post-1184","page","type-page","status-publish","hentry"],"_links":{"self":[{"href":"https:\/\/cedeu.ar\/cedeu.ar\/wp-json\/wp\/v2\/pages\/1184","targetHints":{"allow":["GET"]}}],"collection":[{"href":"https:\/\/cedeu.ar\/cedeu.ar\/wp-json\/wp\/v2\/pages"}],"about":[{"href":"https:\/\/cedeu.ar\/cedeu.ar\/wp-json\/wp\/v2\/types\/page"}],"author":[{"embeddable":true,"href":"https:\/\/cedeu.ar\/cedeu.ar\/wp-json\/wp\/v2\/users\/2"}],"replies":[{"embeddable":true,"href":"https:\/\/cedeu.ar\/cedeu.ar\/wp-json\/wp\/v2\/comments?post=1184"}],"version-history":[{"count":5,"href":"https:\/\/cedeu.ar\/cedeu.ar\/wp-json\/wp\/v2\/pages\/1184\/revisions"}],"predecessor-version":[{"id":5152,"href":"https:\/\/cedeu.ar\/cedeu.ar\/wp-json\/wp\/v2\/pages\/1184\/revisions\/5152"}],"wp:attachment":[{"href":"https:\/\/cedeu.ar\/cedeu.ar\/wp-json\/wp\/v2\/media?parent=1184"}],"curies":[{"name":"wp","href":"https:\/\/api.w.org\/{rel}","templated":true}]}}